{"id":82,"date":"2023-11-02T11:44:47","date_gmt":"2023-11-02T11:44:47","guid":{"rendered":"http:\/\/osl.grupoamper.com\/?page_id=82"},"modified":"2024-10-22T08:17:35","modified_gmt":"2024-10-22T08:17:35","slug":"areas-de-negocio","status":"publish","type":"page","link":"https:\/\/osl-iberia.com\/en\/areas-de-negocio\/","title":{"rendered":"Sectors"},"content":{"rendered":"<div data-elementor-type=\"wp-page\" data-elementor-id=\"82\" class=\"elementor elementor-82\" data-elementor-post-type=\"page\">\n\t\t\t\t\t\t<section class=\"elementor-section elementor-top-section elementor-element elementor-element-9ded8da elementor-section-height-min-height elementor-section-boxed elementor-section-height-default elementor-section-items-middle\" data-id=\"9ded8da\" data-element_type=\"section\" data-settings=\"{&quot;background_background&quot;:&quot;classic&quot;}\">\n\t\t\t\t\t\t<div class=\"elementor-container elementor-column-gap-default\">\n\t\t\t\t\t<div class=\"elementor-column elementor-col-100 elementor-top-column elementor-element elementor-element-bd94e16\" data-id=\"bd94e16\" data-element_type=\"column\">\n\t\t\t<div class=\"elementor-widget-wrap elementor-element-populated\">\n\t\t\t\t\t\t<div class=\"elementor-element elementor-element-cdfb45a elementor-widget__width-initial elementor-widget elementor-widget-text-editor\" data-id=\"cdfb45a\" data-element_type=\"widget\" data-widget_type=\"text-editor.default\">\n\t\t\t\t<div class=\"elementor-widget-container\">\n\t\t\t\t\t\t\t\t\t<p><span style=\"color: #ffffff;\">Sectors<\/span><\/p>\t\t\t\t\t\t\t\t<\/div>\n\t\t\t\t<\/div>\n\t\t\t\t\t<\/div>\n\t\t<\/div>\n\t\t\t\t\t<\/div>\n\t\t<\/section>\n\t\t<div class=\"elementor-element elementor-element-e5e34c5 e-flex e-con-boxed e-con e-parent\" data-id=\"e5e34c5\" data-element_type=\"container\">\n\t\t\t\t\t<div class=\"e-con-inner\">\n\t\t\t\t<div class=\"elementor-element elementor-element-466ef4f elementor-widget elementor-widget-spacer\" data-id=\"466ef4f\" data-element_type=\"widget\" data-widget_type=\"spacer.default\">\n\t\t\t\t<div class=\"elementor-widget-container\">\n\t\t\t\t\t\t\t<div class=\"elementor-spacer\">\n\t\t\t<div class=\"elementor-spacer-inner\"><\/div>\n\t\t<\/div>\n\t\t\t\t\t\t<\/div>\n\t\t\t\t<\/div>\n\t\t\t\t\t<\/div>\n\t\t\t\t<\/div>\n\t\t<div class=\"elementor-element elementor-element-7c3838d e-flex e-con-boxed e-con e-parent\" data-id=\"7c3838d\" data-element_type=\"container\">\n\t\t\t\t\t<div class=\"e-con-inner\">\n\t\t\t\t<div class=\"elementor-element elementor-element-4aa24bc elementor-widget__width-initial elementor-widget elementor-widget-text-editor\" data-id=\"4aa24bc\" data-element_type=\"widget\" data-widget_type=\"text-editor.default\">\n\t\t\t\t<div class=\"elementor-widget-container\">\n\t\t\t\t\t\t\t\t\t<p>We are<span style=\"color: #97d700;\"><strong><span style=\"color: #0f4154;\"> l<\/span><span style=\"color: #0f4154;\">\u00edderes en el dise\u00f1o y optimizaci\u00f3n de sistemas de compresi\u00f3n de gas<\/span><\/strong><\/span>, both onshore and offshore.<\/p><p>Thanks to our extensive operational experience, innovative problem analysis techniques and sound engineering practices, we provide support for the engineering, design and implementation of projects from visualisation to decommissioning.<\/p><p>At OSL we can deliver projects either directly or by managing client teams or contractors. We are here to help turn your business ideas into reality.<\/p><p>We offer <strong><span style=\"color: #0f4154;\">technical services<\/span><\/strong> oil and gas producing companies that have identified business opportunities, but lack the expertise or resources to develop the technical aspect required.<\/p><p>We recognise that oil, gas and energy markets are changing and that there is a greater need to extend the life of assets, extract more product from fields and\/or develop more opportunities to generate marginal gains.<\/p><p>OSL has built an <strong><span style=\"color: #0f4154;\">excellent client base<\/span><\/strong> in the gas processing, transportation and storage sectors and has worked on projects in Europe, America, Africa and the Middle East.<\/p>\t\t\t\t\t\t\t\t<\/div>\n\t\t\t\t<\/div>\n\t\t\t\t\t<\/div>\n\t\t\t\t<\/div>\n\t\t<div class=\"elementor-element elementor-element-c14e2cf e-flex e-con-boxed e-con e-parent\" data-id=\"c14e2cf\" data-element_type=\"container\">\n\t\t\t\t\t<div class=\"e-con-inner\">\n\t\t\t\t<div class=\"elementor-element elementor-element-62b5f70 elementor-widget elementor-widget-spacer\" data-id=\"62b5f70\" data-element_type=\"widget\" data-widget_type=\"spacer.default\">\n\t\t\t\t<div class=\"elementor-widget-container\">\n\t\t\t\t\t\t\t<div class=\"elementor-spacer\">\n\t\t\t<div class=\"elementor-spacer-inner\"><\/div>\n\t\t<\/div>\n\t\t\t\t\t\t<\/div>\n\t\t\t\t<\/div>\n\t\t\t\t\t<\/div>\n\t\t\t\t<\/div>\n\t\t<div class=\"elementor-element elementor-element-3bc2789 e-flex e-con-boxed e-con e-parent\" data-id=\"3bc2789\" data-element_type=\"container\">\n\t\t\t\t\t<div class=\"e-con-inner\">\n\t\t<a class=\"elementor-element elementor-element-2e2f75d e-con-full e-flex e-con e-child\" data-id=\"2e2f75d\" data-element_type=\"container\" data-settings=\"{&quot;background_background&quot;:&quot;classic&quot;}\" href=\"\/en\/areas-de-negocio\/lng\/\">\n\t\t\t\t<\/a>\n\t\t<div class=\"elementor-element elementor-element-fb8d35f e-con-full e-flex e-con e-child\" data-id=\"fb8d35f\" data-element_type=\"container\">\n\t\t\t\t<div class=\"elementor-element elementor-element-c882c87 elementor-widget elementor-widget-text-editor\" data-id=\"c882c87\" data-element_type=\"widget\" data-widget_type=\"text-editor.default\">\n\t\t\t\t<div class=\"elementor-widget-container\">\n\t\t\t\t\t\t\t\t\t<p><span style=\"color: #0f4154;\"><a style=\"color: #0f4154;\" href=\"\/en\/areas-de-negocio\/lng\/\">LNG<\/a><\/span><\/p>\t\t\t\t\t\t\t\t<\/div>\n\t\t\t\t<\/div>\n\t\t\t\t<\/div>\n\t\t<a class=\"elementor-element elementor-element-be7af2d e-con-full e-flex e-con e-child\" data-id=\"be7af2d\" data-element_type=\"container\" data-settings=\"{&quot;background_background&quot;:&quot;classic&quot;}\" href=\"https:\/\/osl-iberia.com\/en\/areas-de-negocio\/hidrogeno-y-amoniaco\/\">\n\t\t\t\t<\/a>\n\t\t<div class=\"elementor-element elementor-element-07ec9c9 e-con-full e-flex e-con e-child\" data-id=\"07ec9c9\" data-element_type=\"container\">\n\t\t\t\t<div class=\"elementor-element elementor-element-392044e elementor-widget elementor-widget-text-editor\" data-id=\"392044e\" data-element_type=\"widget\" data-widget_type=\"text-editor.default\">\n\t\t\t\t<div class=\"elementor-widget-container\">\n\t\t\t\t\t\t\t\t\t<p><span style=\"color: #0f4154;\"><a style=\"color: #0f4154;\" href=\"\/en\/areas-de-negocio\/hidrogeno-y-amoniaco\/\">Hydrogen and ammonia<\/a><\/span><\/p>\t\t\t\t\t\t\t\t<\/div>\n\t\t\t\t<\/div>\n\t\t\t\t<\/div>\n\t\t<a class=\"elementor-element elementor-element-113d6bc e-con-full e-flex e-con e-child\" data-id=\"113d6bc\" data-element_type=\"container\" data-settings=\"{&quot;background_background&quot;:&quot;classic&quot;}\" href=\"https:\/\/osl-iberia.com\/en\/areas-de-negocio\/downstream-quimica-petroquimica-y-refino\/\">\n\t\t\t\t<\/a>\n\t\t<div class=\"elementor-element elementor-element-c5184c6 e-con-full e-flex e-con e-child\" data-id=\"c5184c6\" data-element_type=\"container\">\n\t\t\t\t<div class=\"elementor-element elementor-element-dc114de elementor-widget elementor-widget-text-editor\" data-id=\"dc114de\" data-element_type=\"widget\" data-widget_type=\"text-editor.default\">\n\t\t\t\t<div class=\"elementor-widget-container\">\n\t\t\t\t\t\t\t\t\t<p><span style=\"color: #0f4154;\"><a style=\"color: #0f4154;\" href=\"https:\/\/osl-iberia.com\/en\/areas-de-negocio\/downstream-quimica-petroquimica-y-refino\/\">Downstream:<\/a><\/span><br \/><span style=\"color: #0f4154;\"><a style=\"color: #0f4154;\" href=\"https:\/\/osl-iberia.com\/en\/areas-de-negocio\/downstream-quimica-petroquimica-y-refino\/\">Chemical, Petrochemical and Refining<\/a><\/span><\/p>\t\t\t\t\t\t\t\t<\/div>\n\t\t\t\t<\/div>\n\t\t\t\t<\/div>\n\t\t<a class=\"elementor-element elementor-element-b5b2c91 e-con-full e-flex e-con e-child\" data-id=\"b5b2c91\" data-element_type=\"container\" data-settings=\"{&quot;background_background&quot;:&quot;classic&quot;}\" href=\"https:\/\/osl-iberia.com\/en\/areas-de-negocio\/midstream-almacenamiento-y-transporte\/\">\n\t\t\t\t<\/a>\n\t\t<div class=\"elementor-element elementor-element-eb3673c e-con-full e-flex e-con e-child\" data-id=\"eb3673c\" data-element_type=\"container\">\n\t\t\t\t<div class=\"elementor-element elementor-element-7227a6b elementor-widget elementor-widget-text-editor\" data-id=\"7227a6b\" data-element_type=\"widget\" data-widget_type=\"text-editor.default\">\n\t\t\t\t<div class=\"elementor-widget-container\">\n\t\t\t\t\t\t\t\t\t<p><span style=\"color: #0f4154;\"><a style=\"color: #0f4154;\" href=\"https:\/\/osl-iberia.com\/en\/areas-de-negocio\/midstream-almacenamiento-y-transporte\/\">Midstream:<\/a><\/span><br \/><a href=\"https:\/\/osl-iberia.com\/en\/areas-de-negocio\/midstream-almacenamiento-y-transporte\/\"><span style=\"color: #0f4154;\">Storage and Transportation<\/span><\/a><\/p>\t\t\t\t\t\t\t\t<\/div>\n\t\t\t\t<\/div>\n\t\t\t\t<\/div>\n\t\t<a class=\"elementor-element elementor-element-38edcc8 e-con-full e-flex e-con e-child\" data-id=\"38edcc8\" data-element_type=\"container\" data-settings=\"{&quot;background_background&quot;:&quot;classic&quot;}\" href=\"https:\/\/osl-iberia.com\/en\/areas-de-negocio\/upstream-exploracion-y-produccion\/\">\n\t\t\t\t<\/a>\n\t\t<div class=\"elementor-element elementor-element-b566b99 e-con-full e-flex e-con e-child\" data-id=\"b566b99\" data-element_type=\"container\">\n\t\t\t\t<div class=\"elementor-element elementor-element-cfecb9c elementor-widget elementor-widget-text-editor\" data-id=\"cfecb9c\" data-element_type=\"widget\" data-widget_type=\"text-editor.default\">\n\t\t\t\t<div class=\"elementor-widget-container\">\n\t\t\t\t\t\t\t\t\t<p><span style=\"color: #0f4154;\"><a style=\"color: #0f4154;\" href=\"https:\/\/osl-iberia.com\/en\/areas-de-negocio\/upstream-exploracion-y-produccion\/\">Upstream:<\/a><\/span><br \/><a href=\"https:\/\/osl-iberia.com\/en\/areas-de-negocio\/upstream-exploracion-y-produccion\/\"><span style=\"color: #0f4154;\">Exploration and Production<\/span><\/a><\/p>\t\t\t\t\t\t\t\t<\/div>\n\t\t\t\t<\/div>\n\t\t\t\t<\/div>\n\t\t<a class=\"elementor-element elementor-element-62d2e13 e-con-full e-flex e-con e-child\" data-id=\"62d2e13\" data-element_type=\"container\" data-settings=\"{&quot;background_background&quot;:&quot;classic&quot;}\" href=\"https:\/\/osl-iberia.com\/en\/areas-de-negocio\/renovables\/\">\n\t\t\t\t<\/a>\n\t\t<div class=\"elementor-element elementor-element-d8d4b04 e-con-full e-flex e-con e-child\" data-id=\"d8d4b04\" data-element_type=\"container\">\n\t\t\t\t<div class=\"elementor-element elementor-element-9f79e85 elementor-widget elementor-widget-text-editor\" data-id=\"9f79e85\" data-element_type=\"widget\" data-widget_type=\"text-editor.default\">\n\t\t\t\t<div class=\"elementor-widget-container\">\n\t\t\t\t\t\t\t\t\t<p><span style=\"color: #002f53;\"><span style=\"color: #0f4153;\"><a style=\"color: #0f4153;\" href=\"https:\/\/osl-iberia.com\/en\/areas-de-negocio\/renovables\/\">Renewables<\/a><\/span><br \/><\/span><\/p>\t\t\t\t\t\t\t\t<\/div>\n\t\t\t\t<\/div>\n\t\t\t\t<\/div>\n\t\t\t\t\t<\/div>\n\t\t\t\t<\/div>\n\t\t<div class=\"elementor-element elementor-element-1647d5a e-flex e-con-boxed e-con e-parent\" data-id=\"1647d5a\" data-element_type=\"container\">\n\t\t\t\t\t<div class=\"e-con-inner\">\n\t\t\t\t<div class=\"elementor-element elementor-element-f2c0a2e elementor-widget elementor-widget-spacer\" data-id=\"f2c0a2e\" data-element_type=\"widget\" data-widget_type=\"spacer.default\">\n\t\t\t\t<div class=\"elementor-widget-container\">\n\t\t\t\t\t\t\t<div class=\"elementor-spacer\">\n\t\t\t<div class=\"elementor-spacer-inner\"><\/div>\n\t\t<\/div>\n\t\t\t\t\t\t<\/div>\n\t\t\t\t<\/div>\n\t\t\t\t\t<\/div>\n\t\t\t\t<\/div>\n\t\t<div class=\"elementor-element elementor-element-2a37520 e-flex e-con-boxed e-con e-parent\" data-id=\"2a37520\" data-element_type=\"container\">\n\t\t\t\t\t<div class=\"e-con-inner\">\n\t\t\t\t<div class=\"elementor-element elementor-element-c2df69b elementor-widget elementor-widget-spacer\" data-id=\"c2df69b\" data-element_type=\"widget\" data-widget_type=\"spacer.default\">\n\t\t\t\t<div class=\"elementor-widget-container\">\n\t\t\t\t\t\t\t<div class=\"elementor-spacer\">\n\t\t\t<div class=\"elementor-spacer-inner\"><\/div>\n\t\t<\/div>\n\t\t\t\t\t\t<\/div>\n\t\t\t\t<\/div>\n\t\t\t\t\t<\/div>\n\t\t\t\t<\/div>\n\t\t\t\t<\/div>","protected":false},"excerpt":{"rendered":"<p>\u00c1reas de Negocio Somos l\u00edderes en el dise\u00f1o y optimizaci\u00f3n de sistemas de compresi\u00f3n de gas, tanto en tierra como mar adentro. Gracias a nuestra extensa experiencia en operaciones, t\u00e9cnicas de an\u00e1lisis de problemas innovadoras y pr\u00e1cticas de ingenier\u00eda s\u00f3lidas, ofrecemos apoyo para la ingenier\u00eda, dise\u00f1o e implementaci\u00f3n de proyectos desde su visualizaci\u00f3n hasta el [&hellip;]<\/p>","protected":false},"author":7,"featured_media":0,"parent":0,"menu_order":0,"comment_status":"closed","ping_status":"closed","template":"elementor_header_footer","meta":{"_eb_attr":"","footnotes":""},"class_list":["post-82","page","type-page","status-publish","hentry"],"_links":{"self":[{"href":"https:\/\/osl-iberia.com\/en\/wp-json\/wp\/v2\/pages\/82","targetHints":{"allow":["GET"]}}],"collection":[{"href":"https:\/\/osl-iberia.com\/en\/wp-json\/wp\/v2\/pages"}],"about":[{"href":"https:\/\/osl-iberia.com\/en\/wp-json\/wp\/v2\/types\/page"}],"author":[{"embeddable":true,"href":"https:\/\/osl-iberia.com\/en\/wp-json\/wp\/v2\/users\/7"}],"replies":[{"embeddable":true,"href":"https:\/\/osl-iberia.com\/en\/wp-json\/wp\/v2\/comments?post=82"}],"version-history":[{"count":296,"href":"https:\/\/osl-iberia.com\/en\/wp-json\/wp\/v2\/pages\/82\/revisions"}],"predecessor-version":[{"id":6489,"href":"https:\/\/osl-iberia.com\/en\/wp-json\/wp\/v2\/pages\/82\/revisions\/6489"}],"wp:attachment":[{"href":"https:\/\/osl-iberia.com\/en\/wp-json\/wp\/v2\/media?parent=82"}],"curies":[{"name":"wp","href":"https:\/\/api.w.org\/{rel}","templated":true}]}}