{"id":1697,"date":"2023-11-30T11:55:04","date_gmt":"2023-11-30T11:55:04","guid":{"rendered":"http:\/\/osl.grupoamper.com\/?page_id=1697"},"modified":"2024-10-16T12:26:30","modified_gmt":"2024-10-16T12:26:30","slug":"politica-de-privacidad","status":"publish","type":"page","link":"https:\/\/osl-iberia.com\/en\/politica-de-privacidad\/","title":{"rendered":"Privacy Policy"},"content":{"rendered":"<div data-elementor-type=\"wp-page\" data-elementor-id=\"1697\" class=\"elementor elementor-1697\" data-elementor-post-type=\"page\">\n\t\t\t\t<div class=\"elementor-element elementor-element-ac4fb85 e-flex e-con-boxed e-con e-parent\" data-id=\"ac4fb85\" data-element_type=\"container\" data-settings=\"{&quot;background_background&quot;:&quot;classic&quot;}\">\n\t\t\t\t\t<div class=\"e-con-inner\">\n\t\t\t\t<div class=\"elementor-element elementor-element-2db1f7d elementor-widget elementor-widget-text-editor\" data-id=\"2db1f7d\" data-element_type=\"widget\" data-widget_type=\"text-editor.default\">\n\t\t\t\t<div class=\"elementor-widget-container\">\n\t\t\t\t\t\t\t\t\t<p style=\"text-align: left;\">\u00a0 \u00a0 \u00a0 \u00a0 \u00a0 Privacy Policy<\/p>\t\t\t\t\t\t\t\t<\/div>\n\t\t\t\t<\/div>\n\t\t\t\t\t<\/div>\n\t\t\t\t<\/div>\n\t\t<div class=\"elementor-element elementor-element-d9f57cd e-flex e-con-boxed e-con e-parent\" data-id=\"d9f57cd\" data-element_type=\"container\">\n\t\t\t\t\t<div class=\"e-con-inner\">\n\t\t\t\t<div class=\"elementor-element elementor-element-2d11657 elementor-widget elementor-widget-spacer\" data-id=\"2d11657\" data-element_type=\"widget\" data-widget_type=\"spacer.default\">\n\t\t\t\t<div class=\"elementor-widget-container\">\n\t\t\t\t\t\t\t<div class=\"elementor-spacer\">\n\t\t\t<div class=\"elementor-spacer-inner\"><\/div>\n\t\t<\/div>\n\t\t\t\t\t\t<\/div>\n\t\t\t\t<\/div>\n\t\t\t\t\t<\/div>\n\t\t\t\t<\/div>\n\t\t<div class=\"elementor-element elementor-element-12ed4a2 e-flex e-con-boxed e-con e-parent\" data-id=\"12ed4a2\" data-element_type=\"container\">\n\t\t\t\t\t<div class=\"e-con-inner\">\n\t\t<div class=\"elementor-element elementor-element-61e56a1 e-flex e-con-boxed e-con e-child\" data-id=\"61e56a1\" data-element_type=\"container\">\n\t\t\t\t\t<div class=\"e-con-inner\">\n\t\t\t\t<div class=\"elementor-element elementor-element-4241ccb elementor-widget elementor-widget-heading\" data-id=\"4241ccb\" data-element_type=\"widget\" data-widget_type=\"heading.default\">\n\t\t\t\t<div class=\"elementor-widget-container\">\n\t\t\t\t\t<h4 class=\"elementor-heading-title elementor-size-default\">Information regarding the protection of personal data<\/h4>\t\t\t\t<\/div>\n\t\t\t\t<\/div>\n\t\t\t\t\t<\/div>\n\t\t\t\t<\/div>\n\t\t\t\t\t<\/div>\n\t\t\t\t<\/div>\n\t\t<div class=\"elementor-element elementor-element-1de632a e-flex e-con-boxed e-con e-parent\" data-id=\"1de632a\" data-element_type=\"container\">\n\t\t\t\t\t<div class=\"e-con-inner\">\n\t\t<div class=\"elementor-element elementor-element-f12bbed e-flex e-con-boxed e-con e-child\" data-id=\"f12bbed\" data-element_type=\"container\">\n\t\t\t\t\t<div class=\"e-con-inner\">\n\t\t\t\t<div class=\"elementor-element elementor-element-7051177 elementor-widget elementor-widget-text-editor\" data-id=\"7051177\" data-element_type=\"widget\" data-widget_type=\"text-editor.default\">\n\t\t\t\t<div class=\"elementor-widget-container\">\n\t\t\t\t\t\t\t\t\t<p><span style=\"text-align: var(--text-align); background-color: var( --e-global-color-88e16c3 ); color: var(--total-body-color, #444); font-size: var(--total-body-size, 17px); font-style: var(--total-body-style, normal); font-weight: var(--total-body-weight, 400); letter-spacing: var(--total-body-letter-spacing, 0); text-transform: var(--total-body-text-transform, none);\">In the Amper Group we consider the privacy of individuals an essential element for the correct performance of our commercial and business activity, therefore we have developed this Privacy Policy applicable to all companies and websites of the Amper Group and which includes the obligations of the General Data Protection Regulation (Regulation 2016\/679 of April 27th) and the Organic Law on Data Protection and Digital Rights, 3\/2018 of December 5th.<\/span><\/p>\t\t\t\t\t\t\t\t<\/div>\n\t\t\t\t<\/div>\n\t\t\t\t\t<\/div>\n\t\t\t\t<\/div>\n\t\t\t\t\t<\/div>\n\t\t\t\t<\/div>\n\t\t<div class=\"elementor-element elementor-element-7c01905 e-flex e-con-boxed e-con e-parent\" data-id=\"7c01905\" data-element_type=\"container\">\n\t\t\t\t\t<div class=\"e-con-inner\">\n\t\t<div class=\"elementor-element elementor-element-4ab2479 e-flex e-con-boxed e-con e-child\" data-id=\"4ab2479\" data-element_type=\"container\">\n\t\t\t\t\t<div class=\"e-con-inner\">\n\t\t\t\t<div class=\"elementor-element elementor-element-b81bac1 elementor-widget elementor-widget-heading\" data-id=\"b81bac1\" data-element_type=\"widget\" data-widget_type=\"heading.default\">\n\t\t\t\t<div class=\"elementor-widget-container\">\n\t\t\t\t\t<h4 class=\"elementor-heading-title elementor-size-default\">1. Responsible for the data protection<\/h4>\t\t\t\t<\/div>\n\t\t\t\t<\/div>\n\t\t\t\t\t<\/div>\n\t\t\t\t<\/div>\n\t\t\t\t\t<\/div>\n\t\t\t\t<\/div>\n\t\t<div class=\"elementor-element elementor-element-a028b02 e-flex e-con-boxed e-con e-child\" data-id=\"a028b02\" data-element_type=\"container\">\n\t\t\t\t\t<div class=\"e-con-inner\">\n\t\t\t\t<div class=\"elementor-element elementor-element-351a76c elementor-widget elementor-widget-text-editor\" data-id=\"351a76c\" data-element_type=\"widget\" data-widget_type=\"text-editor.default\">\n\t\t\t\t<div class=\"elementor-widget-container\">\n\t\t\t\t\t\t\t\t\t<p>El responsable final del tratamiento es OPTIMUS SERVICE IBERIA S.L. (en adelante, OSL) con CIF <br \/>B-30905129 y domicilio en Avenida Luxemburgo (Ed Cartagena plaza), s\/n Cartagena, C.P. 30353, Murcia, Espa\u00f1a. Puede ponerse en contacto con nosotros a trav\u00e9s del correo electr\u00f3nico: <a href=\"mailto:protecciondedatos@grupoamper.com\"><strong>protecciondedatos@grupoamper.com<\/strong><\/a>.<\/p>\t\t\t\t\t\t\t\t<\/div>\n\t\t\t\t<\/div>\n\t\t\t\t\t<\/div>\n\t\t\t\t<\/div>\n\t\t<div class=\"elementor-element elementor-element-4fe764e e-flex e-con-boxed e-con e-parent\" data-id=\"4fe764e\" data-element_type=\"container\">\n\t\t\t\t\t<div class=\"e-con-inner\">\n\t\t<div class=\"elementor-element elementor-element-802d022 e-flex e-con-boxed e-con e-child\" data-id=\"802d022\" data-element_type=\"container\">\n\t\t\t\t\t<div class=\"e-con-inner\">\n\t\t\t\t<div class=\"elementor-element elementor-element-19cdeda elementor-widget elementor-widget-heading\" data-id=\"19cdeda\" data-element_type=\"widget\" data-widget_type=\"heading.default\">\n\t\t\t\t<div class=\"elementor-widget-container\">\n\t\t\t\t\t<h4 class=\"elementor-heading-title elementor-size-default\">2. What personal data is collected<\/h4>\t\t\t\t<\/div>\n\t\t\t\t<\/div>\n\t\t\t\t\t<\/div>\n\t\t\t\t<\/div>\n\t\t\t\t\t<\/div>\n\t\t\t\t<\/div>\n\t\t<div class=\"elementor-element elementor-element-f2b3417 e-flex e-con-boxed e-con e-parent\" data-id=\"f2b3417\" data-element_type=\"container\">\n\t\t\t\t\t<div class=\"e-con-inner\">\n\t\t<div class=\"elementor-element elementor-element-e1b79b4 e-flex e-con-boxed e-con e-child\" data-id=\"e1b79b4\" data-element_type=\"container\">\n\t\t\t\t\t<div class=\"e-con-inner\">\n\t\t\t\t<div class=\"elementor-element elementor-element-e1ae856 elementor-widget elementor-widget-text-editor\" data-id=\"e1ae856\" data-element_type=\"widget\" data-widget_type=\"text-editor.default\">\n\t\t\t\t<div class=\"elementor-widget-container\">\n\t\t\t\t\t\t\t\t\t<p>The most common personal data that we process on our website are: first name, last name, telephone number, e-mail address, IP address and cookies.<\/p>\t\t\t\t\t\t\t\t<\/div>\n\t\t\t\t<\/div>\n\t\t\t\t\t<\/div>\n\t\t\t\t<\/div>\n\t\t\t\t\t<\/div>\n\t\t\t\t<\/div>\n\t\t<div class=\"elementor-element elementor-element-92afab6 e-flex e-con-boxed e-con e-parent\" data-id=\"92afab6\" data-element_type=\"container\">\n\t\t\t\t\t<div class=\"e-con-inner\">\n\t\t<div class=\"elementor-element elementor-element-483f963 e-flex e-con-boxed e-con e-child\" data-id=\"483f963\" data-element_type=\"container\">\n\t\t\t\t\t<div class=\"e-con-inner\">\n\t\t\t\t<div class=\"elementor-element elementor-element-f8ff8a4 elementor-widget elementor-widget-heading\" data-id=\"f8ff8a4\" data-element_type=\"widget\" data-widget_type=\"heading.default\">\n\t\t\t\t<div class=\"elementor-widget-container\">\n\t\t\t\t\t<h4 class=\"elementor-heading-title elementor-size-default\">3. Purpose, legitimacy and conservation time<\/h4>\t\t\t\t<\/div>\n\t\t\t\t<\/div>\n\t\t\t\t\t<\/div>\n\t\t\t\t<\/div>\n\t\t\t\t\t<\/div>\n\t\t\t\t<\/div>\n\t\t<div class=\"elementor-element elementor-element-fed9d3d e-flex e-con-boxed e-con e-parent\" data-id=\"fed9d3d\" data-element_type=\"container\">\n\t\t\t\t\t<div class=\"e-con-inner\">\n\t\t\t\t<div class=\"elementor-element elementor-element-27879f7 elementor-widget elementor-widget-text-editor\" data-id=\"27879f7\" data-element_type=\"widget\" data-widget_type=\"text-editor.default\">\n\t\t\t\t<div class=\"elementor-widget-container\">\n\t\t\t\t\t\t\t\t\t<p>The purposes for which we may process your personal data are:<\/p><ul><li><strong>Tramitaci\u00f3n, seguimiento y actualizaci\u00f3n de solicitud de informaci\u00f3n.<\/strong><ul><li>Los datos ser\u00e1n tratados para remitirle informaci\u00f3n o resolver la cuesti\u00f3n realizada hasta que se retire el consentimiento.<\/li><li>The legal basis is the consent of the data subject.<\/li><\/ul><\/li><\/ul><ul><li><strong>Env\u00edo de informaci\u00f3n comercial.<\/strong><ul><li>Los datos ser\u00e1n tratados hasta la retirada del consentimiento.<\/li><li>La base jur\u00eddica es el consentimiento del interesado<\/li><\/ul><\/li><\/ul><ul><li><strong>Env\u00edo de comunicaciones comerciales de productos propios.<\/strong><ul><li>Los datos ser\u00e1n tratados hasta la retirada del consentimiento.<\/li><li>La base jur\u00eddica es consentimiento del interesado.\u00a0<\/li><\/ul><\/li><\/ul><ul><li><strong>Tratamiento estad\u00edstico.<\/strong><ul><li>The data will be processed in aggregate form. They will be processed until statistical data are obtained.<\/li><li>The legal basis is legitimate interest.<\/li><\/ul><\/li><\/ul><ul><li><strong>Motivos de seguridad p\u00e1gina web.<\/strong><ul><li>Los datos ser\u00e1n conservados durante 1 a\u00f1o.<\/li><li>The legal basis is legitimate interest.<\/li><\/ul><\/li><\/ul><ul><li><strong>Seguimiento de marketing a trav\u00e9s de cookies.<\/strong><ul><li>You may consult the terms of conservation in our cookies policy.<\/li><li>The legal basis is the consent of the data subject.<\/li><\/ul><\/li><\/ul><ul><li><strong>Gesti\u00f3n y tramitaci\u00f3n de las comunicaciones<\/strong> recibidas a trav\u00e9s del formulario de denuncias de conformidad con la Ley 2\/2023 de 20 de febrero, reguladora de la protecci\u00f3n de las personas que informen sobre infracciones normativas y de lucha contra la corrupci\u00f3n.<br \/>En el caso de los datos personales recibidos por medio del formulario de denuncias, los mismos se conservar\u00e1n por un plazo m\u00e1ximo de diez a\u00f1os.<\/li><\/ul>\t\t\t\t\t\t\t\t<\/div>\n\t\t\t\t<\/div>\n\t\t\t\t\t<\/div>\n\t\t\t\t<\/div>\n\t\t<div class=\"elementor-element elementor-element-0b65a62 e-flex e-con-boxed e-con e-parent\" data-id=\"0b65a62\" data-element_type=\"container\">\n\t\t\t\t\t<div class=\"e-con-inner\">\n\t\t<div class=\"elementor-element elementor-element-1b45037 e-flex e-con-boxed e-con e-child\" data-id=\"1b45037\" data-element_type=\"container\">\n\t\t\t\t\t<div class=\"e-con-inner\">\n\t\t\t\t<div class=\"elementor-element elementor-element-b457014 elementor-widget elementor-widget-heading\" data-id=\"b457014\" data-element_type=\"widget\" data-widget_type=\"heading.default\">\n\t\t\t\t<div class=\"elementor-widget-container\">\n\t\t\t\t\t<h4 class=\"elementor-heading-title elementor-size-default\">4. Recipients of your data<\/h4>\t\t\t\t<\/div>\n\t\t\t\t<\/div>\n\t\t\t\t\t<\/div>\n\t\t\t\t<\/div>\n\t\t<div class=\"elementor-element elementor-element-fcc8a9d e-flex e-con-boxed e-con e-child\" data-id=\"fcc8a9d\" data-element_type=\"container\">\n\t\t\t\t\t<div class=\"e-con-inner\">\n\t\t\t\t<div class=\"elementor-element elementor-element-1252336 elementor-widget elementor-widget-text-editor\" data-id=\"1252336\" data-element_type=\"widget\" data-widget_type=\"text-editor.default\">\n\t\t\t\t<div class=\"elementor-widget-container\">\n\t\t\t\t\t\t\t\t\t<p>Sus datos no ser\u00e1n cedidos a terceros, salvo obligaci\u00f3n legal. \u00danicamente podr\u00e1n ser cedidos a otras empresas del grupo Amper para la correcta prestaci\u00f3n del servicio solicitado.<\/p><p>En el caso de los datos personales contenidos en las comunicaciones recibidas en el formulario de denuncias, podr\u00e1n ser comunicados a los Juzgados y Tribunales, Ministerio Fiscal y Fuerzas y Cuerpos de Seguridad del Estado.<\/p>\t\t\t\t\t\t\t\t<\/div>\n\t\t\t\t<\/div>\n\t\t\t\t\t<\/div>\n\t\t\t\t<\/div>\n\t\t\t\t\t<\/div>\n\t\t\t\t<\/div>\n\t\t<div class=\"elementor-element elementor-element-dfcd952 e-flex e-con-boxed e-con e-parent\" data-id=\"dfcd952\" data-element_type=\"container\">\n\t\t\t\t\t<div class=\"e-con-inner\">\n\t\t<div class=\"elementor-element elementor-element-e2b5707 e-flex e-con-boxed e-con e-child\" data-id=\"e2b5707\" data-element_type=\"container\">\n\t\t\t\t\t<div class=\"e-con-inner\">\n\t\t\t\t<div class=\"elementor-element elementor-element-095afe6 elementor-widget elementor-widget-heading\" data-id=\"095afe6\" data-element_type=\"widget\" data-widget_type=\"heading.default\">\n\t\t\t\t<div class=\"elementor-widget-container\">\n\t\t\t\t\t<h4 class=\"elementor-heading-title elementor-size-default\">5. Others<\/h4>\t\t\t\t<\/div>\n\t\t\t\t<\/div>\n\t\t\t\t\t<\/div>\n\t\t\t\t<\/div>\n\t\t\t\t\t<\/div>\n\t\t\t\t<\/div>\n\t\t<div class=\"elementor-element elementor-element-6aeb6ed e-flex e-con-boxed e-con e-parent\" data-id=\"6aeb6ed\" data-element_type=\"container\">\n\t\t\t\t\t<div class=\"e-con-inner\">\n\t\t<div class=\"elementor-element elementor-element-3764ffd e-flex e-con-boxed e-con e-child\" data-id=\"3764ffd\" data-element_type=\"container\">\n\t\t\t\t\t<div class=\"e-con-inner\">\n\t\t\t\t<div class=\"elementor-element elementor-element-14bc9f2 elementor-widget elementor-widget-text-editor\" data-id=\"14bc9f2\" data-element_type=\"widget\" data-widget_type=\"text-editor.default\">\n\t\t\t\t<div class=\"elementor-widget-container\">\n\t\t\t\t\t\t\t\t\t<p>No recabaremos ni procesaremos cualesquiera datos personales especialmente sensibles o incluidos en la categor\u00eda especial de datos personales de los usuarios.<\/p><p>No utilizaremos procesos automatizados de toma de decisiones, incluida la elaboraci\u00f3n de perfiles (<em>profiling<\/em>), a menos que nos haya autorizado expl\u00edcitamente a hacerlo. En ese caso, le informar\u00edamos acerca de la l\u00f3gica utilizada en la decisi\u00f3n, as\u00ed como acerca del significado y las consecuencias previstas de dicho procesamiento para usted.<\/p>\t\t\t\t\t\t\t\t<\/div>\n\t\t\t\t<\/div>\n\t\t\t\t\t<\/div>\n\t\t\t\t<\/div>\n\t\t\t\t\t<\/div>\n\t\t\t\t<\/div>\n\t\t<div class=\"elementor-element elementor-element-bf40239 e-flex e-con-boxed e-con e-parent\" data-id=\"bf40239\" data-element_type=\"container\">\n\t\t\t\t\t<div class=\"e-con-inner\">\n\t\t<div class=\"elementor-element elementor-element-6aad2b6 e-flex e-con-boxed e-con e-child\" data-id=\"6aad2b6\" data-element_type=\"container\">\n\t\t\t\t\t<div class=\"e-con-inner\">\n\t\t\t\t<div class=\"elementor-element elementor-element-a82c22f elementor-widget elementor-widget-heading\" data-id=\"a82c22f\" data-element_type=\"widget\" data-widget_type=\"heading.default\">\n\t\t\t\t<div class=\"elementor-widget-container\">\n\t\t\t\t\t<h4 class=\"elementor-heading-title elementor-size-default\">6. Rights<\/h4>\t\t\t\t<\/div>\n\t\t\t\t<\/div>\n\t\t\t\t\t<\/div>\n\t\t\t\t<\/div>\n\t\t<div class=\"elementor-element elementor-element-b79dc91 e-flex e-con-boxed e-con e-child\" data-id=\"b79dc91\" data-element_type=\"container\">\n\t\t\t\t\t<div class=\"e-con-inner\">\n\t\t\t\t<div class=\"elementor-element elementor-element-c8d69ca elementor-widget elementor-widget-text-editor\" data-id=\"c8d69ca\" data-element_type=\"widget\" data-widget_type=\"text-editor.default\">\n\t\t\t\t<div class=\"elementor-widget-container\">\n\t\t\t\t\t\t\t\t\t<p>The persons who provide us with their data have the following rights in relation to them:<\/p><ul><li>Right of access<\/li><li>Right of rectification or suppression<\/li><li>Right to limitation of processing<\/li><li>Right to portability<\/li><li>Right of opposition<\/li><\/ul><p>Users who so request may at any time revoke their consent and\/or exercise their rights. To do this you must identify yourself by providing a copy of your ID, clearly indicate what right you want to exercise and send an email to the following address: <u>protecciondedatos@grupoamper.com.<\/u><\/p><p>Additionally, we inform you about the possibility of filing a complaint with the competent supervisory authority, in this case, the Spanish Data Protection Agency, especially if you have not obtained satisfaction in the exercise of your rights. The necessary information is available at: www.aepd.es.<\/p>\t\t\t\t\t\t\t\t<\/div>\n\t\t\t\t<\/div>\n\t\t\t\t\t<\/div>\n\t\t\t\t<\/div>\n\t\t\t\t\t<\/div>\n\t\t\t\t<\/div>\n\t\t<div class=\"elementor-element elementor-element-32bdfd1 e-flex e-con-boxed e-con e-parent\" data-id=\"32bdfd1\" data-element_type=\"container\">\n\t\t\t\t\t<div class=\"e-con-inner\">\n\t\t<div class=\"elementor-element elementor-element-1d18db5 e-flex e-con-boxed e-con e-child\" data-id=\"1d18db5\" data-element_type=\"container\">\n\t\t\t\t\t<div class=\"e-con-inner\">\n\t\t\t\t<div class=\"elementor-element elementor-element-b586593 elementor-widget elementor-widget-heading\" data-id=\"b586593\" data-element_type=\"widget\" data-widget_type=\"heading.default\">\n\t\t\t\t<div class=\"elementor-widget-container\">\n\t\t\t\t\t<h4 class=\"elementor-heading-title elementor-size-default\">7. Modification of this Privacy Policy<\/h4>\t\t\t\t<\/div>\n\t\t\t\t<\/div>\n\t\t\t\t\t<\/div>\n\t\t\t\t<\/div>\n\t\t\t\t\t<\/div>\n\t\t\t\t<\/div>\n\t\t<div class=\"elementor-element elementor-element-3b3fb4b e-flex e-con-boxed e-con e-parent\" data-id=\"3b3fb4b\" data-element_type=\"container\">\n\t\t\t\t\t<div class=\"e-con-inner\">\n\t\t<div class=\"elementor-element elementor-element-7cc4fd0 e-flex e-con-boxed e-con e-child\" data-id=\"7cc4fd0\" data-element_type=\"container\">\n\t\t\t\t\t<div class=\"e-con-inner\">\n\t\t\t\t<div class=\"elementor-element elementor-element-5e0795c elementor-widget elementor-widget-text-editor\" data-id=\"5e0795c\" data-element_type=\"widget\" data-widget_type=\"text-editor.default\">\n\t\t\t\t<div class=\"elementor-widget-container\">\n\t\t\t\t\t\t\t\t\t<p>OSL-Iberia se reserva el derecho a modificar la presente pol\u00edtica para adaptarla a futuras novedades legislativas o jurisprudenciales, as\u00ed como a pr\u00e1cticas del sector. El usuario acepta que las modificaciones o cambios que se realicen tendr\u00e1n car\u00e1cter obligatorio y entrar\u00e1n en vigor a partir de la fecha de su publicaci\u00f3n.<\/p>\t\t\t\t\t\t\t\t<\/div>\n\t\t\t\t<\/div>\n\t\t\t\t\t<\/div>\n\t\t\t\t<\/div>\n\t\t\t\t\t<\/div>\n\t\t\t\t<\/div>\n\t\t<div class=\"elementor-element elementor-element-b4efd9a e-flex e-con-boxed e-con e-parent\" data-id=\"b4efd9a\" data-element_type=\"container\">\n\t\t\t\t\t<div class=\"e-con-inner\">\n\t\t\t\t<div class=\"elementor-element elementor-element-7db9094 elementor-widget elementor-widget-spacer\" data-id=\"7db9094\" data-element_type=\"widget\" data-widget_type=\"spacer.default\">\n\t\t\t\t<div class=\"elementor-widget-container\">\n\t\t\t\t\t\t\t<div class=\"elementor-spacer\">\n\t\t\t<div class=\"elementor-spacer-inner\"><\/div>\n\t\t<\/div>\n\t\t\t\t\t\t<\/div>\n\t\t\t\t<\/div>\n\t\t\t\t\t<\/div>\n\t\t\t\t<\/div>\n\t\t\t\t<\/div>","protected":false},"excerpt":{"rendered":"<p>\u00a0 \u00a0 \u00a0 \u00a0 \u00a0 Pol\u00edtica de Privacidad Informaci\u00f3n referente a la protecci\u00f3n de datos personales En el Grupo Amper consideramos la privacidad de las personas un elemento esencial para el correcto ejercicio de nuestra actividad comercial y empresarial, por ello se ha desarrollado la presente Pol\u00edtica de Privacidad aplicable a todas las empresas y [&hellip;]<\/p>","protected":false},"author":7,"featured_media":0,"parent":0,"menu_order":0,"comment_status":"closed","ping_status":"closed","template":"elementor_header_footer","meta":{"_eb_attr":"","footnotes":""},"class_list":["post-1697","page","type-page","status-publish","hentry"],"_links":{"self":[{"href":"https:\/\/osl-iberia.com\/en\/wp-json\/wp\/v2\/pages\/1697","targetHints":{"allow":["GET"]}}],"collection":[{"href":"https:\/\/osl-iberia.com\/en\/wp-json\/wp\/v2\/pages"}],"about":[{"href":"https:\/\/osl-iberia.com\/en\/wp-json\/wp\/v2\/types\/page"}],"author":[{"embeddable":true,"href":"https:\/\/osl-iberia.com\/en\/wp-json\/wp\/v2\/users\/7"}],"replies":[{"embeddable":true,"href":"https:\/\/osl-iberia.com\/en\/wp-json\/wp\/v2\/comments?post=1697"}],"version-history":[{"count":52,"href":"https:\/\/osl-iberia.com\/en\/wp-json\/wp\/v2\/pages\/1697\/revisions"}],"predecessor-version":[{"id":6305,"href":"https:\/\/osl-iberia.com\/en\/wp-json\/wp\/v2\/pages\/1697\/revisions\/6305"}],"wp:attachment":[{"href":"https:\/\/osl-iberia.com\/en\/wp-json\/wp\/v2\/media?parent=1697"}],"curies":[{"name":"wp","href":"https:\/\/api.w.org\/{rel}","templated":true}]}}